{"id":5032,"date":"2013-12-03T12:18:28","date_gmt":"2013-12-03T10:18:28","guid":{"rendered":"http:\/\/www.alpenhof.co.at\/website-umbau\/?page_id=5032"},"modified":"2021-02-26T08:25:58","modified_gmt":"2021-02-26T06:25:58","slug":"call-back-service","status":"publish","type":"page","link":"https:\/\/www.gut-berg.com\/en\/enquiry-contact\/call-back-service\/","title":{"rendered":"Call-back service"},"content":{"rendered":"<div class=\"wpb-content-wrapper\"><p>[vc_row][vc_column][vc_column_text]<\/p>\n<h1>Call-back service<\/h1>\n<div id=\"quform-ee1f8e\" class=\"quform quform-14 quform-support-page-caching\"><form id=\"quform-form-ee1f8e\" class=\"quform-form quform-form-14\" action=\"\/en\/wp-json\/wp\/v2\/pages\/5032#quform-ee1f8e\" method=\"post\" enctype=\"multipart\/form-data\" novalidate=\"novalidate\" data-options=\"{&quot;id&quot;:14,&quot;uniqueId&quot;:&quot;ee1f8e&quot;,&quot;theme&quot;:&quot;&quot;,&quot;ajax&quot;:true,&quot;logic&quot;:{&quot;logic&quot;:[],&quot;dependents&quot;:[],&quot;elementIds&quot;:[],&quot;dependentElementIds&quot;:[],&quot;animate&quot;:true},&quot;currentPageId&quot;:65,&quot;errorsIcon&quot;:&quot;&quot;,&quot;updateFancybox&quot;:true,&quot;hasPages&quot;:false,&quot;pages&quot;:[65],&quot;pageProgressType&quot;:&quot;numbers&quot;,&quot;tooltipsEnabled&quot;:true,&quot;tooltipClasses&quot;:&quot;qtip-plain qtip-shadow&quot;,&quot;tooltipMy&quot;:&quot;left center&quot;,&quot;tooltipAt&quot;:&quot;right center&quot;,&quot;isRtl&quot;:false,&quot;scrollOffset&quot;:-50,&quot;scrollSpeed&quot;:800}\"><button class=\"quform-default-submit\" name=\"quform_submit\" type=\"submit\" value=\"submit\" aria-hidden=\"true\" tabindex=\"-1\"><\/button><div class=\"quform-form-inner quform-form-inner-14\"><input type=\"hidden\" name=\"quform_form_id\" value=\"14\" \/><input type=\"hidden\" name=\"quform_form_uid\" value=\"ee1f8e\" \/><input type=\"hidden\" name=\"quform_count\" value=\"1\" \/><input type=\"hidden\" name=\"form_url\" value=\"https:\/\/www.gut-berg.com\/en\/wp-json\/wp\/v2\/pages\/5032\" \/><input type=\"hidden\" name=\"referring_url\" value=\"\" \/><input type=\"hidden\" name=\"post_id\" value=\"\" \/><input type=\"hidden\" name=\"post_title\" value=\"\" \/><input type=\"hidden\" name=\"quform_current_page_id\" value=\"65\" \/><input type=\"hidden\" name=\"quform_loaded\" value=\"1777681469|b472e031af2d213f9e5275b587f6642e\" \/><div class=\"quform-elements quform-elements-14 quform-cf\"><div class=\"quform-element quform-element-page quform-page-65 quform-page-14_65 quform-cf quform-group-style-plain quform-first-page quform-last-page quform-current-page\"><div class=\"quform-child-elements\"><div class=\"quform-element quform-element-group quform-element-14_51 quform-cf quform-group-style-plain\"><div class=\"quform-spacer\"><div class=\"quform-child-elements\"><div class=\"quform-element quform-element-row quform-element-row-14_66 quform-1-columns quform-element-row-size-fixed\"><div class=\"quform-element quform-element-column quform-element-14_67\"><div class=\"quform-element quform-element-select quform-element-14_63 quform-cf quform-element-required\"><div class=\"quform-spacer\"><div class=\"quform-label quform-label-14_63\"><label class=\"quform-label-text\" for=\"quform_14_63_ee1f8e\">Anrede<span class=\"quform-required\">*<\/span><\/label><\/div><div class=\"quform-inner quform-inner-select quform-inner-14_63\"><div class=\"quform-input quform-input-select quform-input-14_63 quform-cf\"><select id=\"quform_14_63_ee1f8e\" name=\"quform_14_63\" class=\"quform-field quform-field-select quform-field-14_63\"><option value=\" \"> <\/option><option value=\"Frau\">Frau<\/option><option value=\"Herr\">Herr<\/option><\/select><\/div><\/div><\/div><\/div><div class=\"quform-element quform-element-group quform-element-14_10 quform-cf quform-group-style-plain\"><div class=\"quform-spacer\"><div class=\"quform-child-elements\"><div class=\"quform-element quform-element-row quform-element-row-14_68 quform-2-columns quform-element-row-size-float\"><div class=\"quform-element quform-element-column quform-element-14_69\"><div class=\"quform-element quform-element-text quform-element-14_8 quform-cf quform-element-optional\"><div class=\"quform-spacer\"><div class=\"quform-label quform-label-14_8\"><label class=\"quform-label-text\" for=\"quform_14_8_ee1f8e\">Vorname<\/label><\/div><div class=\"quform-inner quform-inner-text quform-inner-14_8\"><div class=\"quform-input quform-input-text quform-input-14_8 quform-cf\"><input type=\"text\" id=\"quform_14_8_ee1f8e\" name=\"quform_14_8\" class=\"quform-field quform-field-text quform-field-14_8\" \/><\/div><\/div><\/div><\/div><div class=\"quform-element quform-element-text quform-element-14_58 quform-cf quform-element-required\"><div class=\"quform-spacer\"><div class=\"quform-label quform-label-14_58\"><label class=\"quform-label-text\" for=\"quform_14_58_ee1f8e\">Stra\u00dfe, Hausnummer<span class=\"quform-required\">*<\/span><\/label><\/div><div class=\"quform-inner quform-inner-text quform-inner-14_58\"><div class=\"quform-input quform-input-text quform-input-14_58 quform-cf\"><input type=\"text\" id=\"quform_14_58_ee1f8e\" name=\"quform_14_58\" class=\"quform-field quform-field-text quform-field-14_58\" \/><\/div><\/div><\/div><\/div><div class=\"quform-element quform-element-text quform-element-14_61 quform-cf quform-element-required\"><div class=\"quform-spacer\"><div class=\"quform-label quform-label-14_61\"><label class=\"quform-label-text\" for=\"quform_14_61_ee1f8e\">Ort<span class=\"quform-required\">*<\/span><\/label><\/div><div class=\"quform-inner quform-inner-text quform-inner-14_61\"><div class=\"quform-input quform-input-text quform-input-14_61 quform-cf\"><input type=\"text\" id=\"quform_14_61_ee1f8e\" name=\"quform_14_61\" class=\"quform-field quform-field-text quform-field-14_61\" \/><\/div><\/div><\/div><\/div><div class=\"quform-element quform-element-email quform-element-14_6 quform-cf quform-element-required\"><div class=\"quform-spacer\"><div class=\"quform-label quform-label-14_6\"><label class=\"quform-label-text\" for=\"quform_14_6_ee1f8e\">E-Mail-Adresse<span class=\"quform-required\">*<\/span><\/label><\/div><div class=\"quform-inner quform-inner-email quform-inner-14_6\"><div class=\"quform-input quform-input-email quform-input-14_6 quform-cf\"><input type=\"email\" id=\"quform_14_6_ee1f8e\" name=\"quform_14_6\" class=\"quform-field quform-field-email quform-field-14_6\" \/><\/div><\/div><\/div><\/div><div class=\"quform-element quform-element-checkbox quform-element-14_60 quform-cf quform-element-optional\"><div class=\"quform-spacer\"><div class=\"quform-inner quform-inner-checkbox quform-inner-14_60\"><div class=\"quform-input quform-input-checkbox quform-input-14_60 quform-cf\"><div class=\"quform-options quform-cf quform-options-block quform-options-simple\"><div class=\"quform-option\"><input type=\"checkbox\" name=\"quform_14_60[]\" id=\"quform_14_60_ee1f8e_1\" class=\"quform-field quform-field-checkbox quform-field-14_60 quform-field-14_60_1\" value=\"Ja, ich m\u00f6chten den Alpenhof Newsletter erhalten.\" \/><label for=\"quform_14_60_ee1f8e_1\" class=\"quform-option-label quform-option-label-14_60_1\"><span class=\"quform-option-text\">Ja, ich m\u00f6chten den Alpenhof Newsletter erhalten.<\/span><\/label><\/div><\/div><\/div><\/div><\/div><\/div><\/div><div class=\"quform-element quform-element-column quform-element-14_70\"><div class=\"quform-element quform-element-text quform-element-14_9 quform-cf quform-element-required\"><div class=\"quform-spacer\"><div class=\"quform-label quform-label-14_9\"><label class=\"quform-label-text\" for=\"quform_14_9_ee1f8e\">Nachname<span class=\"quform-required\">*<\/span><\/label><\/div><div class=\"quform-inner quform-inner-text quform-inner-14_9\"><div class=\"quform-input quform-input-text quform-input-14_9 quform-cf\"><input type=\"text\" id=\"quform_14_9_ee1f8e\" name=\"quform_14_9\" class=\"quform-field quform-field-text quform-field-14_9\" \/><\/div><\/div><\/div><\/div><div class=\"quform-element quform-element-text quform-element-14_59 quform-cf quform-element-required\"><div class=\"quform-spacer\"><div class=\"quform-label quform-label-14_59\"><label class=\"quform-label-text\" for=\"quform_14_59_ee1f8e\">Postleitzahl<span class=\"quform-required\">*<\/span><\/label><\/div><div class=\"quform-inner quform-inner-text quform-inner-14_59\"><div class=\"quform-input quform-input-text quform-input-14_59 quform-cf\"><input type=\"text\" id=\"quform_14_59_ee1f8e\" name=\"quform_14_59\" class=\"quform-field quform-field-text quform-field-14_59\" \/><\/div><\/div><\/div><\/div><div class=\"quform-element quform-element-select quform-element-14_64 quform-cf quform-element-required\"><div class=\"quform-spacer\"><div class=\"quform-label quform-label-14_64\"><label class=\"quform-label-text\" for=\"quform_14_64_ee1f8e\">Land<span class=\"quform-required\">*<\/span><\/label><\/div><div class=\"quform-inner quform-inner-select quform-inner-14_64\"><div class=\"quform-input quform-input-select quform-input-14_64 quform-cf\"><select id=\"quform_14_64_ee1f8e\" name=\"quform_14_64\" class=\"quform-field quform-field-select quform-field-14_64\"><option value=\"\u00d6sterreich\">\u00d6sterreich<\/option><option value=\"Deutschland\">Deutschland<\/option><option value=\"Schweiz\">Schweiz<\/option><option value=\"Afghanistan\">Afghanistan<\/option><option value=\"Albanien\">Albanien<\/option><option value=\"Algerien\">Algerien<\/option><option value=\"Amerikanisch-Samoa\">Amerikanisch-Samoa<\/option><option value=\"Andorra\">Andorra<\/option><option value=\"Angola\">Angola<\/option><option value=\"Anguilla\">Anguilla<\/option><option value=\"Antarktis\">Antarktis<\/option><option value=\"Antigua und Barbuda\">Antigua und Barbuda<\/option><option value=\"Argentinien\">Argentinien<\/option><option value=\"Armenien\">Armenien<\/option><option value=\"Aruba\">Aruba<\/option><option value=\"Australien\">Australien<\/option><option value=\"Aserbaidschan\">Aserbaidschan<\/option><option value=\"Bahamas\">Bahamas<\/option><option value=\"Bahrain\">Bahrain<\/option><option value=\"Bangladesch\">Bangladesch<\/option><option value=\"Barbados\">Barbados<\/option><option value=\"Wei\u00dfrussland\">Wei\u00dfrussland<\/option><option value=\"Belgien\">Belgien<\/option><option value=\"Belize\">Belize<\/option><option value=\"Benin\">Benin<\/option><option value=\"Bermuda\">Bermuda<\/option><option value=\"Bhutan\">Bhutan<\/option><option value=\"Bolivien\">Bolivien<\/option><option value=\"Bosnien und Herzegowina\">Bosnien und Herzegowina<\/option><option value=\"Botswana\">Botswana<\/option><option value=\"Bouvetinsel\">Bouvetinsel<\/option><option value=\"Brasilien\">Brasilien<\/option><option value=\"Britisches Territorium im Indischen Ozean\">Britisches Territorium im Indischen Ozean<\/option><option value=\"Brunei Darussalam\">Brunei Darussalam<\/option><option value=\"Bulgarien\">Bulgarien<\/option><option value=\"Burkina Faso\">Burkina Faso<\/option><option value=\"Burundi\">Burundi<\/option><option value=\"Kambodscha\">Kambodscha<\/option><option value=\"Kamerun\">Kamerun<\/option><option value=\"Kanada\">Kanada<\/option><option value=\"Kap Verde\">Kap Verde<\/option><option value=\"Kaimaninseln\">Kaimaninseln<\/option><option value=\"Zentralafrikanische Republik\">Zentralafrikanische Republik<\/option><option value=\"Tschad\">Tschad<\/option><option value=\"Chile\">Chile<\/option><option value=\"China\">China<\/option><option value=\"Weihnachtsinsel\">Weihnachtsinsel<\/option><option value=\"Kokosinseln\">Kokosinseln<\/option><option value=\"Kolumbien\">Kolumbien<\/option><option value=\"Komoren\">Komoren<\/option><option value=\"Kongo\">Kongo<\/option><option value=\"Kongo, Demokratische Republik\">Kongo, Demokratische Republik<\/option><option value=\"Cookinseln\">Cookinseln<\/option><option value=\"Costa Rica\">Costa Rica<\/option><option value=\"Elfenbeink\u00fcste\">Elfenbeink\u00fcste<\/option><option value=\"Kroatien\">Kroatien<\/option><option value=\"Kuba\">Kuba<\/option><option value=\"Zypern\">Zypern<\/option><option value=\"Tschechien\">Tschechien<\/option><option value=\"D\u00e4nemark\">D\u00e4nemark<\/option><option value=\"Dschibuti\">Dschibuti<\/option><option value=\"Dominica\">Dominica<\/option><option value=\"Dominikanische Republik\">Dominikanische Republik<\/option><option value=\"Osttimor\">Osttimor<\/option><option value=\"Ecuador\">Ecuador<\/option><option value=\"\u00c4gypten\">\u00c4gypten<\/option><option value=\"El Salvador\">El Salvador<\/option><option value=\"\u00c4quatorial-Guinea\">\u00c4quatorial-Guinea<\/option><option value=\"Eritrea\">Eritrea<\/option><option value=\"Estland\">Estland<\/option><option value=\"\u00c4thiopien\">\u00c4thiopien<\/option><option value=\"Falkland-Inseln\">Falkland-Inseln<\/option><option value=\"F\u00e4r\u00f6er-Inseln\">F\u00e4r\u00f6er-Inseln<\/option><option value=\"Fidschi\">Fidschi<\/option><option value=\"Finnland\">Finnland<\/option><option value=\"Frankreich\">Frankreich<\/option><option value=\"Metropolitan-Frankreich\">Metropolitan-Frankreich<\/option><option value=\"Franz\u00f6sisch-Guayana\">Franz\u00f6sisch-Guayana<\/option><option value=\"Franz\u00f6sisch-Polynesien\">Franz\u00f6sisch-Polynesien<\/option><option value=\"Franz\u00f6sische S\u00fcd- und Antarktisgebiete\">Franz\u00f6sische S\u00fcd- und Antarktisgebiete<\/option><option value=\"Gabun\">Gabun<\/option><option value=\"Gambia\">Gambia<\/option><option value=\"Georgia\">Georgia<\/option><option value=\"Ghana\">Ghana<\/option><option value=\"Gibraltar\">Gibraltar<\/option><option value=\"Griechenland\">Griechenland<\/option><option value=\"Gr\u00f6nland\">Gr\u00f6nland<\/option><option value=\"Grenada\">Grenada<\/option><option value=\"Guadeloupe\">Guadeloupe<\/option><option value=\"Guam\">Guam<\/option><option value=\"Guatemala\">Guatemala<\/option><option value=\"Guinea\">Guinea<\/option><option value=\"Guinea-Bissau\">Guinea-Bissau<\/option><option value=\"Guyana\">Guyana<\/option><option value=\"Haiti\">Haiti<\/option><option value=\"Heard und McDonaldinseln\">Heard und McDonaldinseln<\/option><option value=\"Vatikanstadt\">Vatikanstadt<\/option><option value=\"Honduras\">Honduras<\/option><option value=\"Hong Kong\">Hong Kong<\/option><option value=\"Ungarn\">Ungarn<\/option><option value=\"Island\">Island<\/option><option value=\"Indien\">Indien<\/option><option value=\"Indonesien\">Indonesien<\/option><option value=\"Iran\">Iran<\/option><option value=\"Irak\">Irak<\/option><option value=\"Irland\">Irland<\/option><option value=\"Israel\">Israel<\/option><option value=\"Italien\">Italien<\/option><option value=\"Jamaika\">Jamaika<\/option><option value=\"Japan\">Japan<\/option><option value=\"Jordanien\">Jordanien<\/option><option value=\"Kasachstan\">Kasachstan<\/option><option value=\"Kenia\">Kenia<\/option><option value=\"Kiribati\">Kiribati<\/option><option value=\"Nordkorea\">Nordkorea<\/option><option value=\"S\u00fcdkorea\">S\u00fcdkorea<\/option><option value=\"Kuwait\">Kuwait<\/option><option value=\"Kirgisistan\">Kirgisistan<\/option><option value=\"Laos\">Laos<\/option><option value=\"Lettland\">Lettland<\/option><option value=\"Libanon\">Libanon<\/option><option value=\"Lesotho\">Lesotho<\/option><option value=\"Liberien\">Liberien<\/option><option value=\"Libyen\">Libyen<\/option><option value=\"Liechtenstein\">Liechtenstein<\/option><option value=\"Litauen\">Litauen<\/option><option value=\"Luxemburg\">Luxemburg<\/option><option value=\"Macau\">Macau<\/option><option value=\"Mazedonien\">Mazedonien<\/option><option value=\"Madagaskar\">Madagaskar<\/option><option value=\"Malawi\">Malawi<\/option><option value=\"Malaysia\">Malaysia<\/option><option value=\"Malediven\">Malediven<\/option><option value=\"Mali\">Mali<\/option><option value=\"Malta\">Malta<\/option><option value=\"Marshallinseln\">Marshallinseln<\/option><option value=\"Martinique\">Martinique<\/option><option value=\"Mauretanien\">Mauretanien<\/option><option value=\"Mauritius\">Mauritius<\/option><option value=\"Mayotte\">Mayotte<\/option><option value=\"Mexiko\">Mexiko<\/option><option value=\"Mikronesien, F\u00f6derierte Staaten von\">Mikronesien, F\u00f6derierte Staaten von<\/option><option value=\"Moldawien\">Moldawien<\/option><option value=\"Monaco\">Monaco<\/option><option value=\"Mongolei\">Mongolei<\/option><option value=\"Montserrat\">Montserrat<\/option><option value=\"Marokko\">Marokko<\/option><option value=\"Mosambik\">Mosambik<\/option><option value=\"Myanmar\">Myanmar<\/option><option value=\"Namibia\">Namibia<\/option><option value=\"Nauru\">Nauru<\/option><option value=\"Nepal\">Nepal<\/option><option value=\"Holland\/Niederlande\">Holland\/Niederlande<\/option><option value=\"niederl\u00e4ndische Antillen\">niederl\u00e4ndische Antillen<\/option><option value=\"Neukaledonien\">Neukaledonien<\/option><option value=\"Neuseeland\">Neuseeland<\/option><option value=\"Nicaragua\">Nicaragua<\/option><option value=\"Niger\">Niger<\/option><option value=\"Nigeria\">Nigeria<\/option><option value=\"Niue\">Niue<\/option><option value=\"Norfolkinsel\">Norfolkinsel<\/option><option value=\"N\u00f6rdliche Marianen\">N\u00f6rdliche Marianen<\/option><option value=\"Norwegen\">Norwegen<\/option><option value=\"Oman\">Oman<\/option><option value=\"Pakistan\">Pakistan<\/option><option value=\"Palau\">Palau<\/option><option value=\"Panama\">Panama<\/option><option value=\"Papua-Neuguinea\">Papua-Neuguinea<\/option><option value=\"Paraguay\">Paraguay<\/option><option value=\"Peru\">Peru<\/option><option value=\"Philippinen\">Philippinen<\/option><option value=\"Pitcairn\">Pitcairn<\/option><option value=\"Polen\">Polen<\/option><option value=\"Portugal\">Portugal<\/option><option value=\"Puerto Rico\">Puerto Rico<\/option><option value=\"Katar\">Katar<\/option><option value=\"R\u00e9union\">R\u00e9union<\/option><option value=\"Rum\u00e4nien\">Rum\u00e4nien<\/option><option value=\"Russische F\u00f6deration\">Russische F\u00f6deration<\/option><option value=\"Ruanda\">Ruanda<\/option><option value=\"St. Kitts und Nevis\">St. Kitts und Nevis<\/option><option value=\"St. Lucia\">St. Lucia<\/option><option value=\"St. Vincent und die Grenadinen\">St. Vincent und die Grenadinen<\/option><option value=\"Samoa\">Samoa<\/option><option value=\"San Marino\">San Marino<\/option><option value=\"S\u00e3o Tom\u00e9 und Pr\u00edncipe\">S\u00e3o Tom\u00e9 und Pr\u00edncipe<\/option><option value=\"Saudi-Arabien\">Saudi-Arabien<\/option><option value=\"Senegal\">Senegal<\/option><option value=\"Seychellen\">Seychellen<\/option><option value=\"Sierra Leone\">Sierra Leone<\/option><option value=\"Singapur\">Singapur<\/option><option value=\"Slowakei\">Slowakei<\/option><option value=\"Slowenien\">Slowenien<\/option><option value=\"Salomon-Inseln\">Salomon-Inseln<\/option><option value=\"Somalia\">Somalia<\/option><option value=\"S\u00fcdafrika\">S\u00fcdafrika<\/option><option value=\"S\u00fcdgeorgien und S\u00fcdliche Sandwichinseln\">S\u00fcdgeorgien und S\u00fcdliche Sandwichinseln<\/option><option value=\"Spanien\">Spanien<\/option><option value=\"Sri Lanka\">Sri Lanka<\/option><option value=\"St. Helena\">St. Helena<\/option><option value=\"Saint-Pierre und Miquelon\">Saint-Pierre und Miquelon<\/option><option value=\"Sudan\">Sudan<\/option><option value=\"Suriname\">Suriname<\/option><option value=\"Spitzbergen und Jan Mayen\">Spitzbergen und Jan Mayen<\/option><option value=\"Swasiland\">Swasiland<\/option><option value=\"Schweden\">Schweden<\/option><option value=\"Syrien\">Syrien<\/option><option value=\"Taiwan\">Taiwan<\/option><option value=\"Tadschikistan\">Tadschikistan<\/option><option value=\"Tansania\">Tansania<\/option><option value=\"Thailand\">Thailand<\/option><option value=\"Togo\">Togo<\/option><option value=\"Tokelau\">Tokelau<\/option><option value=\"Tonga\">Tonga<\/option><option value=\"Trinidad und Tobago\">Trinidad und Tobago<\/option><option value=\"Tunesien\">Tunesien<\/option><option value=\"T\u00fcrkei\">T\u00fcrkei<\/option><option value=\"Turkmenistan\">Turkmenistan<\/option><option value=\"Turks- und Caicosinseln\">Turks- und Caicosinseln<\/option><option value=\"Tuvalu\">Tuvalu<\/option><option value=\"Uganda\">Uganda<\/option><option value=\"Ukraine\">Ukraine<\/option><option value=\"Vereinigte Arabische Emirate\">Vereinigte Arabische Emirate<\/option><option value=\"Vereinigtes K\u00f6nigreich\">Vereinigtes K\u00f6nigreich<\/option><option value=\"Vereinigte Staaten\">Vereinigte Staaten<\/option><option value=\"United States Minor Outlying Islands\">United States Minor Outlying Islands<\/option><option value=\"Uruguay\">Uruguay<\/option><option value=\"Usbekistan\">Usbekistan<\/option><option value=\"Vanuatu\">Vanuatu<\/option><option value=\"Venezuela\">Venezuela<\/option><option value=\"Vietnam\">Vietnam<\/option><option value=\"Jungferninseln (Britische)\">Jungferninseln (Britische)<\/option><option value=\"Amerikanische Jungferninseln\">Amerikanische Jungferninseln<\/option><option value=\"Wallis And Futuna-Inseln\">Wallis And Futuna-Inseln<\/option><option value=\"Westsahara\">Westsahara<\/option><option value=\"Jemen\">Jemen<\/option><option value=\"Jugoslawien\">Jugoslawien<\/option><option value=\"Sambia\">Sambia<\/option><option value=\"Zimbabwe\">Zimbabwe<\/option><\/select><\/div><\/div><\/div><\/div><div class=\"quform-element quform-element-text quform-element-14_18 quform-cf quform-element-optional\"><div class=\"quform-spacer\"><div class=\"quform-label quform-label-14_18\"><label class=\"quform-label-text\" for=\"quform_14_18_ee1f8e\">Telefonnummer<\/label><\/div><div class=\"quform-inner quform-inner-text quform-inner-14_18\"><div class=\"quform-input quform-input-text quform-input-14_18 quform-cf\"><input type=\"text\" id=\"quform_14_18_ee1f8e\" name=\"quform_14_18\" class=\"quform-field quform-field-text quform-field-14_18\" \/><\/div><\/div><\/div><\/div><\/div><\/div><\/div><\/div><\/div><\/div><\/div><\/div><\/div><\/div><div class=\"quform-element quform-element-submit quform-element-14_71 quform-cf quform-button-style-theme\"><div class=\"quform-button-submit quform-button-submit-default quform-button-submit-14_71\"><button name=\"quform_submit\" type=\"submit\" class=\"quform-submit\" value=\"submit\"><span class=\"quform-button-text quform-button-submit-text\">ABSENDEN &amp; GEWINNEN<\/span><\/button><\/div><div class=\"quform-loading quform-loading-position-left quform-loading-type-spinner-1\"><div class=\"quform-loading-inner\"><div class=\"quform-loading-spinner\"><div class=\"quform-loading-spinner-inner\"><\/div><\/div><\/div><\/div><\/div><div class=\"quform-element quform-element-textarea quform-element-14_529836 quform-sr-only quform-cf\" style=\"clip: rect(1px, 1px, 1px, 1px); clip-path: inset(50%); position: absolute !important; height: 1px; width: 1px; overflow: hidden;\"><div class=\"quform-spacer\"><div class=\"quform-label quform-label-14_529836\"><label class=\"quform-label-text\" for=\"quform_14_529836_ee1f8e\">Website URL<span class=\"quform-required\">*<\/span><\/label><\/div><div class=\"quform-inner quform-inner-14_529836\"><textarea id=\"quform_14_529836_ee1f8e\" name=\"quform_14_529836\" class=\"quform-field quform-field-textarea quform-field-14_529836\" tabindex=\"-1\" autocomplete=\"new-password\"><\/textarea><\/div><\/div><\/div><\/div><\/div><\/div><\/div><\/form><\/div>[\/vc_column_text][\/vc_column][\/vc_row][vc_row][vc_column][vc_column_text el_class=&#8221;dsgvo&#8221;]After the contact form has been submitted, the aforementioned information will be processed by the company which bears responsibility for complying with data privacy regulations, including\u00a0Gut Berg Naturhotel,\u00a0Familie Gschwandl,\u00a0Alpendorfstra\u00dfe 31,\u00a0A-5600 St. Johann &#8211; Alpendorf,\u00a0<a href=\"mailto:info@gut-berg.at\">info@gut-berg.at<\/a>,\u00a0for purposes of processing your request, with your expressed consent indicated by submission of the form. The information will be further processed for purposes of direct advertising, which is commensurate with the original processing purpose, and upon the same legal foundation, until rescinded. There exists no legal or contractual obligation to provide personally identifiable information. The only consequence of not providing information will be that you are not able to transmit your request and we will be unable to process such a request. Such information will not be shared with other recipients. You have the right to revoke your consent in writing at any time, which shall not affect the legitimacy of our having processed said information until such time as consent is revoked. You have the right to revoke your consent to the use of your personally identifiable information for purposes of direct advertising in writing at any time. In the event of revocation, your personally identifiable information will no longer be processed for purposes of direct advertising. You have the right to information about, as well as correction, deletion, restriction of processing and transferability of your personally identifiable data, as well as the right to lodge complaints with the oversight authorities (Austrian Office of Data Protection, Wickenburggasse 8, 1080 Vienna,\u00a0<a href=\"mailto:dsb@dsb.gv.at\">dsb@dsb.gv.at<\/a>).[\/vc_column_text][\/vc_column][\/vc_row]<\/p>\n<\/div>","protected":false},"excerpt":{"rendered":"<p><a class=\"ninja_pages_read_more\"  href=\"https:\/\/www.gut-berg.com\/en\/enquiry-contact\/call-back-service\/\"><\/a><\/p>\n","protected":false},"author":6,"featured_media":16360,"parent":10347,"menu_order":45,"comment_status":"closed","ping_status":"closed","template":"","meta":{"_acf_changed":false,"rs_blank_template":"","rs_page_bg_color":"","slide_template_v7":"","footnotes":""},"class_list":["post-5032","page","type-page","status-publish","has-post-thumbnail","hentry"],"acf":[],"_links":{"self":[{"href":"https:\/\/www.gut-berg.com\/en\/wp-json\/wp\/v2\/pages\/5032","targetHints":{"allow":["GET"]}}],"collection":[{"href":"https:\/\/www.gut-berg.com\/en\/wp-json\/wp\/v2\/pages"}],"about":[{"href":"https:\/\/www.gut-berg.com\/en\/wp-json\/wp\/v2\/types\/page"}],"author":[{"embeddable":true,"href":"https:\/\/www.gut-berg.com\/en\/wp-json\/wp\/v2\/users\/6"}],"replies":[{"embeddable":true,"href":"https:\/\/www.gut-berg.com\/en\/wp-json\/wp\/v2\/comments?post=5032"}],"version-history":[{"count":0,"href":"https:\/\/www.gut-berg.com\/en\/wp-json\/wp\/v2\/pages\/5032\/revisions"}],"up":[{"embeddable":true,"href":"https:\/\/www.gut-berg.com\/en\/wp-json\/wp\/v2\/pages\/10347"}],"wp:featuredmedia":[{"embeddable":true,"href":"https:\/\/www.gut-berg.com\/en\/wp-json\/wp\/v2\/media\/16360"}],"wp:attachment":[{"href":"https:\/\/www.gut-berg.com\/en\/wp-json\/wp\/v2\/media?parent=5032"}],"curies":[{"name":"wp","href":"https:\/\/api.w.org\/{rel}","templated":true}]}}